{"id":819,"date":"2022-12-18T22:29:41","date_gmt":"2022-12-18T21:29:41","guid":{"rendered":"https:\/\/vidasus-distillery.ch?post_type=product&#038;p=819"},"modified":"2024-11-15T13:11:16","modified_gmt":"2024-11-15T12:11:16","slug":"syrrush-copy","status":"publish","type":"product","link":"https:\/\/vidasus-distillery.ch\/sq\/product\/syrrush-copy\/","title":{"rendered":"Syrrush &amp; Sheg\u00eb"},"content":{"rendered":"<p><strong>SHPIRT RRUSHI &amp; SHEGE<\/strong><\/p>\n<p>KALAVESHAT E RRUSHIT SHUM\u00cbNGJYR\u00cbSH T\u00cb RRITUR<br \/>\nN\u00cb HARDHIN\u00cb E VJET\u00cbR T\u00cb GJYSHIT PLISBARDH\u00cb N\u00cb<br \/>\nDRENOC T\u00cb RAHOVECIT, MJESHT\u00cbRIA, PASIONI E<br \/>\nKRENARIA E NIVOKAZIT, T\u00cb GJITHA T\u00cb FORM\u00cbSUARA<br \/>\nDHE T\u00cb V\u00cbNA N\u00cb PAH P\u00cbR HER\u00cb T\u00cb PAR\u00cb NGA DORA<br \/>\nPUN\u00cbTORE E GRUAS SHQIP\u00cbTARE JAN\u00cb SHPIRTI I<br \/>\nSYRRUSH-ES.<\/p>\n","protected":false},"excerpt":{"rendered":"<p>SHPIRT RRUSHI &amp; SHEGE KALAVESHAT E RRUSHIT SHUM\u00cbNGJYR\u00cbSH T\u00cb RRITUR N\u00cb HARDHIN\u00cb E VJET\u00cbR T\u00cb GJYSHIT PLISBARDH\u00cb N\u00cb DRENOC T\u00cb RAHOVECIT, MJESHT\u00cbRIA, PASIONI E KRENARIA E NIVOKAZIT, T\u00cb GJITHA T\u00cb FORM\u00cbSUARA DHE T\u00cb V\u00cbNA N\u00cb PAH P\u00cbR HER\u00cb T\u00cb PAR\u00cb NGA DORA PUN\u00cbTORE E GRUAS SHQIP\u00cbTARE JAN\u00cb SHPIRTI I SYRRUSH-ES.<\/p>\n","protected":false},"featured_media":4395,"comment_status":"open","ping_status":"closed","template":"","meta":[],"product_cat":[1408],"product_tag":[],"class_list":{"0":"post-819","1":"product","2":"type-product","3":"status-publish","4":"has-post-thumbnail","6":"product_cat-uncategorized-sq","8":"","9":"instock","10":"shipping-taxable","11":"purchasable","12":"product-type-simple"},"ams_default_variation_id":0,"ams_product_points_reward":[],"ams_product_discount_percentage":0,"ams_price_to_display":24.9,"bundled_by":[],"bundle_stock_status":"instock","bundle_stock_quantity":null,"bundle_virtual":false,"bundle_layout":"","bundle_add_to_cart_form_location":"","bundle_editable_in_cart":false,"bundle_sold_individually_context":"","bundle_item_grouping":"","bundle_min_size":"","bundle_max_size":"","bundle_price":[],"bundled_items":[],"bundle_sell_ids":[],"group_of_quantity":0,"min_quantity":0,"max_quantity":"","exclude_order_quantity_value_rules":"no","exclude_category_quantity_rules":"no","combine_variations":"no","ams_acf":[],"jetpack_publicize_connections":[],"_links":{"self":[{"href":"https:\/\/vidasus-distillery.ch\/sq\/wp-json\/wp\/v2\/product\/819"}],"collection":[{"href":"https:\/\/vidasus-distillery.ch\/sq\/wp-json\/wp\/v2\/product"}],"about":[{"href":"https:\/\/vidasus-distillery.ch\/sq\/wp-json\/wp\/v2\/types\/product"}],"replies":[{"embeddable":true,"href":"https:\/\/vidasus-distillery.ch\/sq\/wp-json\/wp\/v2\/comments?post=819"}],"wp:featuredmedia":[{"embeddable":true,"href":"https:\/\/vidasus-distillery.ch\/sq\/wp-json\/wp\/v2\/media\/4395"}],"wp:attachment":[{"href":"https:\/\/vidasus-distillery.ch\/sq\/wp-json\/wp\/v2\/media?parent=819"}],"wp:term":[{"taxonomy":"product_cat","embeddable":true,"href":"https:\/\/vidasus-distillery.ch\/sq\/wp-json\/wp\/v2\/product_cat?post=819"},{"taxonomy":"product_tag","embeddable":true,"href":"https:\/\/vidasus-distillery.ch\/sq\/wp-json\/wp\/v2\/product_tag?post=819"}],"curies":[{"name":"wp","href":"https:\/\/api.w.org\/{rel}","templated":true}]}}