{"id":4790,"date":"2022-12-16T15:32:32","date_gmt":"2022-12-16T14:32:32","guid":{"rendered":"https:\/\/vidasus-distillery.ch\/dukaguine\/"},"modified":"2024-07-19T19:08:49","modified_gmt":"2024-07-19T17:08:49","slug":"dukaguine","status":"publish","type":"page","link":"https:\/\/vidasus-distillery.ch\/fr\/dukaguine\/","title":{"rendered":"Dukagin"},"content":{"rendered":"\t\t<div data-elementor-type=\"wp-page\" data-elementor-id=\"4790\" class=\"elementor elementor-4790 elementor-388\" data-elementor-post-type=\"page\">\n\t\t\t\t\t\t<section class=\"elementor-section elementor-top-section elementor-element elementor-element-6175c27 elementor-section-full_width elementor-section-height-min-height elementor-section-content-middle snow-bg elementor-section-height-default elementor-section-items-middle\" data-id=\"6175c27\" data-element_type=\"section\" data-settings=\"{&quot;background_background&quot;:&quot;slideshow&quot;,&quot;background_slideshow_gallery&quot;:[{&quot;id&quot;:2994,&quot;url&quot;:&quot;https:\\\/\\\/vidasus-distillery.ch\\\/wp-content\\\/uploads\\\/2023\\\/10\\\/GJINI-KS-WEB-2.webp&quot;}],&quot;background_slideshow_slide_duration&quot;:4000,&quot;background_slideshow_loop&quot;:&quot;yes&quot;,&quot;background_slideshow_slide_transition&quot;:&quot;fade&quot;,&quot;background_slideshow_transition_duration&quot;:500}\">\n\t\t\t\t\t\t\t<div class=\"elementor-background-overlay\"><\/div>\n\t\t\t\t\t\t\t<div class=\"elementor-container elementor-column-gap-default\">\n\t\t\t\t\t<div class=\"elementor-column elementor-col-100 elementor-top-column elementor-element elementor-element-76482a6\" data-id=\"76482a6\" data-element_type=\"column\">\n\t\t\t<div class=\"elementor-widget-wrap elementor-element-populated\">\n\t\t\t\t\t\t<div class=\"elementor-element elementor-element-baeb915 elementor-widget elementor-widget-spacer\" data-id=\"baeb915\" data-element_type=\"widget\" data-widget_type=\"spacer.default\">\n\t\t\t\t<div class=\"elementor-widget-container\">\n\t\t\t<style>\/*! elementor - v3.23.0 - 15-07-2024 *\/\n.elementor-column .elementor-spacer-inner{height:var(--spacer-size)}.e-con{--container-widget-width:100%}.e-con-inner>.elementor-widget-spacer,.e-con>.elementor-widget-spacer{width:var(--container-widget-width,var(--spacer-size));--align-self:var(--container-widget-align-self,initial);--flex-shrink:0}.e-con-inner>.elementor-widget-spacer>.elementor-widget-container,.e-con>.elementor-widget-spacer>.elementor-widget-container{height:100%;width:100%}.e-con-inner>.elementor-widget-spacer>.elementor-widget-container>.elementor-spacer,.e-con>.elementor-widget-spacer>.elementor-widget-container>.elementor-spacer{height:100%}.e-con-inner>.elementor-widget-spacer>.elementor-widget-container>.elementor-spacer>.elementor-spacer-inner,.e-con>.elementor-widget-spacer>.elementor-widget-container>.elementor-spacer>.elementor-spacer-inner{height:var(--container-widget-height,var(--spacer-size))}.e-con-inner>.elementor-widget-spacer.elementor-widget-empty,.e-con>.elementor-widget-spacer.elementor-widget-empty{position:relative;min-height:22px;min-width:22px}.e-con-inner>.elementor-widget-spacer.elementor-widget-empty .elementor-widget-empty-icon,.e-con>.elementor-widget-spacer.elementor-widget-empty .elementor-widget-empty-icon{position:absolute;top:0;bottom:0;left:0;right:0;margin:auto;padding:0;width:22px;height:22px}<\/style>\t\t<div class=\"elementor-spacer\">\n\t\t\t<div class=\"elementor-spacer-inner\"><\/div>\n\t\t<\/div>\n\t\t\t\t<\/div>\n\t\t\t\t<\/div>\n\t\t\t\t\t<\/div>\n\t\t<\/div>\n\t\t\t\t\t<\/div>\n\t\t<\/section>\n\t\t\t\t<section class=\"elementor-section elementor-top-section elementor-element elementor-element-bfa895b elementor-section-content-middle snow-bg elementor-section-boxed elementor-section-height-default elementor-section-height-default\" data-id=\"bfa895b\" data-element_type=\"section\" data-settings=\"{&quot;background_background&quot;:&quot;classic&quot;,&quot;shape_divider_top&quot;:&quot;split&quot;,&quot;shape_divider_bottom&quot;:&quot;split&quot;}\">\n\t\t\t\t\t<div class=\"elementor-shape elementor-shape-top\" data-negative=\"false\">\n\t\t\t<svg xmlns=\"http:\/\/www.w3.org\/2000\/svg\" viewBox=\"0 0 1000 20\" preserveAspectRatio=\"none\">\n\t<path class=\"elementor-shape-fill\" d=\"M0,0v3c0,0,393.8,0,483.4,0c9.2,0,16.6,7.4,16.6,16.6c0-9.1,7.4-16.6,16.6-16.6C606.2,3,1000,3,1000,3V0H0z\"\/>\n<\/svg>\t\t<\/div>\n\t\t\t\t<div class=\"elementor-shape elementor-shape-bottom\" data-negative=\"false\">\n\t\t\t<svg xmlns=\"http:\/\/www.w3.org\/2000\/svg\" viewBox=\"0 0 1000 20\" preserveAspectRatio=\"none\">\n\t<path class=\"elementor-shape-fill\" d=\"M0,0v3c0,0,393.8,0,483.4,0c9.2,0,16.6,7.4,16.6,16.6c0-9.1,7.4-16.6,16.6-16.6C606.2,3,1000,3,1000,3V0H0z\"\/>\n<\/svg>\t\t<\/div>\n\t\t\t\t\t<div class=\"elementor-container elementor-column-gap-no\">\n\t\t\t\t\t<div class=\"elementor-column elementor-col-100 elementor-top-column elementor-element elementor-element-9df75fc\" data-id=\"9df75fc\" data-element_type=\"column\">\n\t\t\t<div class=\"elementor-widget-wrap elementor-element-populated\">\n\t\t\t\t\t\t<div class=\"elementor-element elementor-element-e5dfc78 elementor-widget elementor-widget-heading\" data-id=\"e5dfc78\" data-element_type=\"widget\" data-widget_type=\"heading.default\">\n\t\t\t\t<div class=\"elementor-widget-container\">\n\t\t\t<style>\/*! elementor - v3.23.0 - 15-07-2024 *\/\n.elementor-heading-title{padding:0;margin:0;line-height:1}.elementor-widget-heading .elementor-heading-title[class*=elementor-size-]>a{color:inherit;font-size:inherit;line-height:inherit}.elementor-widget-heading .elementor-heading-title.elementor-size-small{font-size:15px}.elementor-widget-heading .elementor-heading-title.elementor-size-medium{font-size:19px}.elementor-widget-heading .elementor-heading-title.elementor-size-large{font-size:29px}.elementor-widget-heading .elementor-heading-title.elementor-size-xl{font-size:39px}.elementor-widget-heading .elementor-heading-title.elementor-size-xxl{font-size:59px}<\/style><h4 class=\"elementor-heading-title elementor-size-default\">DUKAGIN<\/h4>\t\t<\/div>\n\t\t\t\t<\/div>\n\t\t\t\t<div class=\"elementor-element elementor-element-b680099 elementor-widget elementor-widget-heading\" data-id=\"b680099\" data-element_type=\"widget\" data-widget_type=\"heading.default\">\n\t\t\t\t<div class=\"elementor-widget-container\">\n\t\t\t<h4 class=\"elementor-heading-title elementor-size-default\">GIN SAUVAGE<\/h4>\t\t<\/div>\n\t\t\t\t<\/div>\n\t\t\t\t<div class=\"elementor-element elementor-element-817673a elementor-widget__width-initial elementor-widget elementor-widget-text-editor\" data-id=\"817673a\" data-element_type=\"widget\" data-widget_type=\"text-editor.default\">\n\t\t\t\t<div class=\"elementor-widget-container\">\n\t\t\t<style>\/*! elementor - v3.23.0 - 15-07-2024 *\/\n.elementor-widget-text-editor.elementor-drop-cap-view-stacked .elementor-drop-cap{background-color:#69727d;color:#fff}.elementor-widget-text-editor.elementor-drop-cap-view-framed .elementor-drop-cap{color:#69727d;border:3px solid;background-color:transparent}.elementor-widget-text-editor:not(.elementor-drop-cap-view-default) .elementor-drop-cap{margin-top:8px}.elementor-widget-text-editor:not(.elementor-drop-cap-view-default) .elementor-drop-cap-letter{width:1em;height:1em}.elementor-widget-text-editor .elementor-drop-cap{float:left;text-align:center;line-height:1;font-size:50px}.elementor-widget-text-editor .elementor-drop-cap-letter{display:inline-block}<\/style>\t\t\t\t<p>Le long des sentiers des loups \u00e0 Bjeshket et Nemuna, des baies de geni\u00e8vre, des \u00e9pices et des fruits sauvages sont r\u00e9colt\u00e9s, ce qui rend le Dukagi tr\u00e8s sp\u00e9cial en termes de go\u00fbt et d&rsquo;ar\u00f4me.<\/p>\n<p>Une distillation lente et amoureuse garantit une tr\u00e8s grande puret\u00e9 et qualit\u00e9.<\/p>\n<p>Dukagin ne contient ni sucre ajout\u00e9 ni ar\u00f4mes artificiels.<\/p>\n\t\t\t\t\t\t<\/div>\n\t\t\t\t<\/div>\n\t\t\t\t<div class=\"elementor-element elementor-element-52692ec elementor-add-to-cart--align-center elementor-add-to-cart--layout-stacked elementor-widget elementor-widget-wc-add-to-cart\" data-id=\"52692ec\" data-element_type=\"widget\" data-widget_type=\"wc-add-to-cart.default\">\n\t\t\t\t<div class=\"elementor-widget-container\">\n\t\t\t<link rel=\"stylesheet\" href=\"https:\/\/vidasus-distillery.ch\/wp-content\/plugins\/elementor-pro\/assets\/css\/widget-woocommerce.min.css?ver=1721407447\">\t\t<div class=\"elementor-button-wrapper\">\n\t\t\t<a rel=\"nofollow\" href=\"?add-to-cart=647\" data-quantity=\"1\" data-product_id=\"647\" class=\"product_type_simple add_to_cart_button ajax_add_to_cart elementor-button elementor-size-sm\" role=\"button\">\n\t\t\t\t\t\t<span class=\"elementor-button-content-wrapper\">\n\t\t\t\t\t\t<span class=\"elementor-button-icon\">\n\t\t\t\t<i aria-hidden=\"true\" class=\"jki jki-shopping-bag-solid\"><\/i>\t\t\t<\/span>\n\t\t\t\t\t\t\t\t\t<span class=\"elementor-button-text\">Ajouter au panier<\/span>\n\t\t\t\t\t<\/span>\n\t\t\t\t\t<\/a>\n\t\t<\/div>\n\t\t\t\t<\/div>\n\t\t\t\t<\/div>\n\t\t\t\t\t<\/div>\n\t\t<\/div>\n\t\t\t\t\t<\/div>\n\t\t<\/section>\n\t\t\t\t<\/div>\n\t\t","protected":false},"excerpt":{"rendered":"<p>DUKAGIN GIN SAUVAGE Le long des sentiers des loups \u00e0 Bjeshket et Nemuna, des baies de geni\u00e8vre, des \u00e9pices et des fruits sauvages sont r\u00e9colt\u00e9s, ce qui rend le Dukagi tr\u00e8s sp\u00e9cial en termes de go\u00fbt et d&rsquo;ar\u00f4me. Une distillation lente et amoureuse garantit une tr\u00e8s grande puret\u00e9 et qualit\u00e9. Dukagin ne contient ni sucre [&hellip;]<\/p>\n","protected":false},"author":186307108,"featured_media":0,"parent":0,"menu_order":0,"comment_status":"closed","ping_status":"closed","template":"","meta":{"_starter_page_template":"","_wpcom_template_layout_category":[],"footnotes":""},"class_list":["post-4790","page","type-page","status-publish","hentry"],"ams_acf":[],"_links":{"self":[{"href":"https:\/\/vidasus-distillery.ch\/fr\/wp-json\/wp\/v2\/pages\/4790"}],"collection":[{"href":"https:\/\/vidasus-distillery.ch\/fr\/wp-json\/wp\/v2\/pages"}],"about":[{"href":"https:\/\/vidasus-distillery.ch\/fr\/wp-json\/wp\/v2\/types\/page"}],"author":[{"embeddable":true,"href":"https:\/\/vidasus-distillery.ch\/fr\/wp-json\/wp\/v2\/users\/186307108"}],"replies":[{"embeddable":true,"href":"https:\/\/vidasus-distillery.ch\/fr\/wp-json\/wp\/v2\/comments?post=4790"}],"version-history":[{"count":6,"href":"https:\/\/vidasus-distillery.ch\/fr\/wp-json\/wp\/v2\/pages\/4790\/revisions"}],"predecessor-version":[{"id":4910,"href":"https:\/\/vidasus-distillery.ch\/fr\/wp-json\/wp\/v2\/pages\/4790\/revisions\/4910"}],"wp:attachment":[{"href":"https:\/\/vidasus-distillery.ch\/fr\/wp-json\/wp\/v2\/media?parent=4790"}],"curies":[{"name":"wp","href":"https:\/\/api.w.org\/{rel}","templated":true}]}}